{"id":63,"date":"2024-03-14T16:10:54","date_gmt":"2024-03-14T14:10:54","guid":{"rendered":"https:\/\/dansas.ro\/wordpress\/?page_id=63"},"modified":"2025-09-13T16:05:58","modified_gmt":"2025-09-13T14:05:58","slug":"inscriere-dans","status":"publish","type":"page","link":"https:\/\/dansas.ro\/wordpress\/as-dancemusic\/inscriere-dans\/","title":{"rendered":"\u00censcriere Dans"},"content":{"rendered":"\t\t<div data-elementor-type=\"wp-page\" data-elementor-id=\"63\" class=\"elementor elementor-63\">\n\t\t\t\t<div class=\"elementor-element elementor-element-03e5256 e-flex e-con-boxed e-con e-parent\" data-id=\"03e5256\" data-element_type=\"container\">\n\t\t\t\t\t<div class=\"e-con-inner\">\n\t\t\t\t<div class=\"elementor-element elementor-element-7e32ff0 elementor-widget elementor-widget-heading\" data-id=\"7e32ff0\" data-element_type=\"widget\" data-widget_type=\"heading.default\">\n\t\t\t\t<div class=\"elementor-widget-container\">\n\t\t\t<style>\/*! elementor - v3.21.0 - 15-04-2024 *\/\n.elementor-heading-title{padding:0;margin:0;line-height:1}.elementor-widget-heading .elementor-heading-title[class*=elementor-size-]>a{color:inherit;font-size:inherit;line-height:inherit}.elementor-widget-heading .elementor-heading-title.elementor-size-small{font-size:15px}.elementor-widget-heading .elementor-heading-title.elementor-size-medium{font-size:19px}.elementor-widget-heading .elementor-heading-title.elementor-size-large{font-size:29px}.elementor-widget-heading .elementor-heading-title.elementor-size-xl{font-size:39px}.elementor-widget-heading .elementor-heading-title.elementor-size-xxl{font-size:59px}<\/style><h2 class=\"elementor-heading-title elementor-size-default\">\u00censcriere-te \u00een competi\u021bia de dans<\/h2>\t\t<\/div>\n\t\t\t\t<\/div>\n\t\t\t\t\t<\/div>\n\t\t\t\t<\/div>\n\t\t<div class=\"elementor-element elementor-element-6bdbfc0 e-con-full e-flex e-con e-parent\" data-id=\"6bdbfc0\" data-element_type=\"container\">\n\t\t\t\t<div class=\"elementor-element elementor-element-60ddadc elementor-button-warning elementor-align-center elementor-widget elementor-widget-button\" data-id=\"60ddadc\" data-element_type=\"widget\" data-widget_type=\"button.default\">\n\t\t\t\t<div class=\"elementor-widget-container\">\n\t\t\t\t\t<div class=\"elementor-button-wrapper\">\n\t\t\t<a class=\"elementor-button elementor-button-link elementor-size-sm\" href=\"https:\/\/forms.gle\/C1k57ctiAhdxTA9a8\">\n\t\t\t\t\t\t<span class=\"elementor-button-content-wrapper\">\n\t\t\t\t\t\t<span class=\"elementor-button-icon elementor-align-icon-left\">\n\t\t\t\t<svg aria-hidden=\"true\" class=\"e-font-icon-svg e-far-edit\" viewBox=\"0 0 576 512\" xmlns=\"http:\/\/www.w3.org\/2000\/svg\"><path d=\"M402.3 344.9l32-32c5-5 13.7-1.5 13.7 5.7V464c0 26.5-21.5 48-48 48H48c-26.5 0-48-21.5-48-48V112c0-26.5 21.5-48 48-48h273.5c7.1 0 10.7 8.6 5.7 13.7l-32 32c-1.5 1.5-3.5 2.3-5.7 2.3H48v352h352V350.5c0-2.1.8-4.1 2.3-5.6zm156.6-201.8L296.3 405.7l-90.4 10c-26.2 2.9-48.5-19.2-45.6-45.6l10-90.4L432.9 17.1c22.9-22.9 59.9-22.9 82.7 0l43.2 43.2c22.9 22.9 22.9 60 .1 82.8zM460.1 174L402 115.9 216.2 301.8l-7.3 65.3 65.3-7.3L460.1 174zm64.8-79.7l-43.2-43.2c-4.1-4.1-10.8-4.1-14.8 0L436 82l58.1 58.1 30.9-30.9c4-4.2 4-10.8-.1-14.9z\"><\/path><\/svg>\t\t\t<\/span>\n\t\t\t\t\t\t\t\t\t<span class=\"elementor-button-text\">\u00censcrie-te aici<\/span>\n\t\t\t\t\t<\/span>\n\t\t\t\t\t<\/a>\n\t\t<\/div>\n\t\t\t\t<\/div>\n\t\t\t\t<\/div>\n\t\t\t\t<\/div>\n\t\t\t\t<\/div>\n\t\t","protected":false},"excerpt":{"rendered":"<p>\u00censcriere-te \u00een competi\u021bia de dans \u00censcrie-te aici<\/p>\n","protected":false},"author":1,"featured_media":0,"parent":1397,"menu_order":0,"comment_status":"closed","ping_status":"closed","template":"","meta":{"_uag_custom_page_level_css":"","site-sidebar-layout":"default","site-content-layout":"","ast-site-content-layout":"default","site-content-style":"default","site-sidebar-style":"default","ast-global-header-display":"","ast-banner-title-visibility":"","ast-main-header-display":"","ast-hfb-above-header-display":"","ast-hfb-below-header-display":"","ast-hfb-mobile-header-display":"","site-post-title":"disabled","ast-breadcrumbs-content":"","ast-featured-img":"","footer-sml-layout":"","theme-transparent-header-meta":"","adv-header-id-meta":"","stick-header-meta":"","header-above-stick-meta":"","header-main-stick-meta":"","header-below-stick-meta":"","astra-migrate-meta-layouts":"set","ast-page-background-enabled":"default","ast-page-background-meta":{"desktop":{"background-color":"var(--ast-global-color-4)","background-image":"","background-repeat":"repeat","background-position":"center center","background-size":"auto","background-attachment":"scroll","background-type":"","background-media":"","overlay-type":"","overlay-color":"","overlay-gradient":""},"tablet":{"background-color":"","background-image":"","background-repeat":"repeat","background-position":"center center","background-size":"auto","background-attachment":"scroll","background-type":"","background-media":"","overlay-type":"","overlay-color":"","overlay-gradient":""},"mobile":{"background-color":"","background-image":"","background-repeat":"repeat","background-position":"center center","background-size":"auto","background-attachment":"scroll","background-type":"","background-media":"","overlay-type":"","overlay-color":"","overlay-gradient":""}},"ast-content-background-meta":{"desktop":{"background-color":"var(--ast-global-color-5)","background-image":"","background-repeat":"repeat","background-position":"center center","background-size":"auto","background-attachment":"scroll","background-type":"","background-media":"","overlay-type":"","overlay-color":"","overlay-gradient":""},"tablet":{"background-color":"var(--ast-global-color-5)","background-image":"","background-repeat":"repeat","background-position":"center center","background-size":"auto","background-attachment":"scroll","background-type":"","background-media":"","overlay-type":"","overlay-color":"","overlay-gradient":""},"mobile":{"background-color":"var(--ast-global-color-5)","background-image":"","background-repeat":"repeat","background-position":"center center","background-size":"auto","background-attachment":"scroll","background-type":"","background-media":"","overlay-type":"","overlay-color":"","overlay-gradient":""}},"footnotes":""},"class_list":["post-63","page","type-page","status-publish","hentry"],"yoast_head":"<!-- This site is optimized with the Yoast SEO plugin v26.6 - https:\/\/yoast.com\/wordpress\/plugins\/seo\/ -->\n<title>\u00censcriere Dans - Dansas<\/title>\n<meta name=\"robots\" content=\"index, follow, max-snippet:-1, max-image-preview:large, max-video-preview:-1\" \/>\n<link rel=\"canonical\" href=\"https:\/\/dansas.ro\/wordpress\/as-dancemusic\/inscriere-dans\/\" \/>\n<meta property=\"og:locale\" content=\"ro_RO\" \/>\n<meta property=\"og:type\" content=\"article\" \/>\n<meta property=\"og:title\" content=\"\u00censcriere Dans - Dansas\" \/>\n<meta property=\"og:description\" content=\"\u00censcriere-te \u00een competi\u021bia de dans \u00censcrie-te aici\" \/>\n<meta property=\"og:url\" content=\"https:\/\/dansas.ro\/wordpress\/as-dancemusic\/inscriere-dans\/\" \/>\n<meta property=\"og:site_name\" content=\"Dansas\" \/>\n<meta property=\"article:publisher\" content=\"https:\/\/www.facebook.com\/TrupaAS.ro\" \/>\n<meta property=\"article:modified_time\" content=\"2025-09-13T14:05:58+00:00\" \/>\n<meta name=\"twitter:card\" content=\"summary_large_image\" \/>\n<meta name=\"twitter:label1\" content=\"Timp estimat pentru citire\" \/>\n\t<meta name=\"twitter:data1\" content=\"1 minut\" \/>\n<script type=\"application\/ld+json\" class=\"yoast-schema-graph\">{\"@context\":\"https:\/\/schema.org\",\"@graph\":[{\"@type\":\"WebPage\",\"@id\":\"https:\/\/dansas.ro\/wordpress\/as-dancemusic\/inscriere-dans\/\",\"url\":\"https:\/\/dansas.ro\/wordpress\/as-dancemusic\/inscriere-dans\/\",\"name\":\"\u00censcriere Dans - Dansas\",\"isPartOf\":{\"@id\":\"https:\/\/dansas.ro\/wordpress\/#website\"},\"datePublished\":\"2024-03-14T14:10:54+00:00\",\"dateModified\":\"2025-09-13T14:05:58+00:00\",\"breadcrumb\":{\"@id\":\"https:\/\/dansas.ro\/wordpress\/as-dancemusic\/inscriere-dans\/#breadcrumb\"},\"inLanguage\":\"ro-RO\",\"potentialAction\":[{\"@type\":\"ReadAction\",\"target\":[\"https:\/\/dansas.ro\/wordpress\/as-dancemusic\/inscriere-dans\/\"]}]},{\"@type\":\"BreadcrumbList\",\"@id\":\"https:\/\/dansas.ro\/wordpress\/as-dancemusic\/inscriere-dans\/#breadcrumb\",\"itemListElement\":[{\"@type\":\"ListItem\",\"position\":1,\"name\":\"Prima pagin\u0103\",\"item\":\"https:\/\/dansas.ro\/wordpress\/\"},{\"@type\":\"ListItem\",\"position\":2,\"name\":\"As Dance&#038;Music\",\"item\":\"https:\/\/dansas.ro\/wordpress\/as-dancemusic\/\"},{\"@type\":\"ListItem\",\"position\":3,\"name\":\"\u00censcriere Dans\"}]},{\"@type\":\"WebSite\",\"@id\":\"https:\/\/dansas.ro\/wordpress\/#website\",\"url\":\"https:\/\/dansas.ro\/wordpress\/\",\"name\":\"Dansas\",\"description\":\"Pasiunea noastr\u0103 pentru dans, ambi\u021bie sincronizat\u0103 \u00een fiecare mi\u0219care.\",\"publisher\":{\"@id\":\"https:\/\/dansas.ro\/wordpress\/#organization\"},\"potentialAction\":[{\"@type\":\"SearchAction\",\"target\":{\"@type\":\"EntryPoint\",\"urlTemplate\":\"https:\/\/dansas.ro\/wordpress\/?s={search_term_string}\"},\"query-input\":{\"@type\":\"PropertyValueSpecification\",\"valueRequired\":true,\"valueName\":\"search_term_string\"}}],\"inLanguage\":\"ro-RO\"},{\"@type\":\"Organization\",\"@id\":\"https:\/\/dansas.ro\/wordpress\/#organization\",\"name\":\"Dansas\",\"url\":\"https:\/\/dansas.ro\/wordpress\/\",\"logo\":{\"@type\":\"ImageObject\",\"inLanguage\":\"ro-RO\",\"@id\":\"https:\/\/dansas.ro\/wordpress\/#\/schema\/logo\/image\/\",\"url\":\"https:\/\/dansas.ro\/wordpress\/wp-content\/uploads\/2024\/03\/Untitled-design-scaled.png\",\"contentUrl\":\"https:\/\/dansas.ro\/wordpress\/wp-content\/uploads\/2024\/03\/Untitled-design-scaled.png\",\"width\":2560,\"height\":1420,\"caption\":\"Dansas\"},\"image\":{\"@id\":\"https:\/\/dansas.ro\/wordpress\/#\/schema\/logo\/image\/\"},\"sameAs\":[\"https:\/\/www.facebook.com\/TrupaAS.ro\",\"https:\/\/www.instagram.com\/trupa_as?igsh=em1lYXV6ZmExYWNx\"]}]}<\/script>\n<!-- \/ Yoast SEO plugin. -->","yoast_head_json":{"title":"\u00censcriere Dans - Dansas","robots":{"index":"index","follow":"follow","max-snippet":"max-snippet:-1","max-image-preview":"max-image-preview:large","max-video-preview":"max-video-preview:-1"},"canonical":"https:\/\/dansas.ro\/wordpress\/as-dancemusic\/inscriere-dans\/","og_locale":"ro_RO","og_type":"article","og_title":"\u00censcriere Dans - Dansas","og_description":"\u00censcriere-te \u00een competi\u021bia de dans \u00censcrie-te aici","og_url":"https:\/\/dansas.ro\/wordpress\/as-dancemusic\/inscriere-dans\/","og_site_name":"Dansas","article_publisher":"https:\/\/www.facebook.com\/TrupaAS.ro","article_modified_time":"2025-09-13T14:05:58+00:00","twitter_card":"summary_large_image","twitter_misc":{"Timp estimat pentru citire":"1 minut"},"schema":{"@context":"https:\/\/schema.org","@graph":[{"@type":"WebPage","@id":"https:\/\/dansas.ro\/wordpress\/as-dancemusic\/inscriere-dans\/","url":"https:\/\/dansas.ro\/wordpress\/as-dancemusic\/inscriere-dans\/","name":"\u00censcriere Dans - Dansas","isPartOf":{"@id":"https:\/\/dansas.ro\/wordpress\/#website"},"datePublished":"2024-03-14T14:10:54+00:00","dateModified":"2025-09-13T14:05:58+00:00","breadcrumb":{"@id":"https:\/\/dansas.ro\/wordpress\/as-dancemusic\/inscriere-dans\/#breadcrumb"},"inLanguage":"ro-RO","potentialAction":[{"@type":"ReadAction","target":["https:\/\/dansas.ro\/wordpress\/as-dancemusic\/inscriere-dans\/"]}]},{"@type":"BreadcrumbList","@id":"https:\/\/dansas.ro\/wordpress\/as-dancemusic\/inscriere-dans\/#breadcrumb","itemListElement":[{"@type":"ListItem","position":1,"name":"Prima pagin\u0103","item":"https:\/\/dansas.ro\/wordpress\/"},{"@type":"ListItem","position":2,"name":"As Dance&#038;Music","item":"https:\/\/dansas.ro\/wordpress\/as-dancemusic\/"},{"@type":"ListItem","position":3,"name":"\u00censcriere Dans"}]},{"@type":"WebSite","@id":"https:\/\/dansas.ro\/wordpress\/#website","url":"https:\/\/dansas.ro\/wordpress\/","name":"Dansas","description":"Pasiunea noastr\u0103 pentru dans, ambi\u021bie sincronizat\u0103 \u00een fiecare mi\u0219care.","publisher":{"@id":"https:\/\/dansas.ro\/wordpress\/#organization"},"potentialAction":[{"@type":"SearchAction","target":{"@type":"EntryPoint","urlTemplate":"https:\/\/dansas.ro\/wordpress\/?s={search_term_string}"},"query-input":{"@type":"PropertyValueSpecification","valueRequired":true,"valueName":"search_term_string"}}],"inLanguage":"ro-RO"},{"@type":"Organization","@id":"https:\/\/dansas.ro\/wordpress\/#organization","name":"Dansas","url":"https:\/\/dansas.ro\/wordpress\/","logo":{"@type":"ImageObject","inLanguage":"ro-RO","@id":"https:\/\/dansas.ro\/wordpress\/#\/schema\/logo\/image\/","url":"https:\/\/dansas.ro\/wordpress\/wp-content\/uploads\/2024\/03\/Untitled-design-scaled.png","contentUrl":"https:\/\/dansas.ro\/wordpress\/wp-content\/uploads\/2024\/03\/Untitled-design-scaled.png","width":2560,"height":1420,"caption":"Dansas"},"image":{"@id":"https:\/\/dansas.ro\/wordpress\/#\/schema\/logo\/image\/"},"sameAs":["https:\/\/www.facebook.com\/TrupaAS.ro","https:\/\/www.instagram.com\/trupa_as?igsh=em1lYXV6ZmExYWNx"]}]}},"uagb_featured_image_src":{"full":false,"thumbnail":false,"medium":false,"medium_large":false,"large":false,"1536x1536":false,"2048x2048":false},"uagb_author_info":{"display_name":"Admindansas","author_link":"https:\/\/dansas.ro\/wordpress\/author\/admin\/"},"uagb_comment_info":0,"uagb_excerpt":"\u00censcriere-te \u00een competi\u021bia de dans \u00censcrie-te aici","_links":{"self":[{"href":"https:\/\/dansas.ro\/wordpress\/wp-json\/wp\/v2\/pages\/63","targetHints":{"allow":["GET"]}}],"collection":[{"href":"https:\/\/dansas.ro\/wordpress\/wp-json\/wp\/v2\/pages"}],"about":[{"href":"https:\/\/dansas.ro\/wordpress\/wp-json\/wp\/v2\/types\/page"}],"author":[{"embeddable":true,"href":"https:\/\/dansas.ro\/wordpress\/wp-json\/wp\/v2\/users\/1"}],"replies":[{"embeddable":true,"href":"https:\/\/dansas.ro\/wordpress\/wp-json\/wp\/v2\/comments?post=63"}],"version-history":[{"count":21,"href":"https:\/\/dansas.ro\/wordpress\/wp-json\/wp\/v2\/pages\/63\/revisions"}],"predecessor-version":[{"id":3464,"href":"https:\/\/dansas.ro\/wordpress\/wp-json\/wp\/v2\/pages\/63\/revisions\/3464"}],"up":[{"embeddable":true,"href":"https:\/\/dansas.ro\/wordpress\/wp-json\/wp\/v2\/pages\/1397"}],"wp:attachment":[{"href":"https:\/\/dansas.ro\/wordpress\/wp-json\/wp\/v2\/media?parent=63"}],"curies":[{"name":"wp","href":"https:\/\/api.w.org\/{rel}","templated":true}]}}